{"id":191,"date":"2013-07-04T18:07:05","date_gmt":"2013-07-04T18:07:05","guid":{"rendered":"http:\/\/smasf.mx\/?page_id=191"},"modified":"2013-07-12T22:14:20","modified_gmt":"2013-07-12T22:14:20","slug":"gastos-medicos","status":"publish","type":"page","link":"https:\/\/smasf.mx\/wordpress\/gastos-medicos\/","title":{"rendered":"Gastos M\u00e9dicos"},"content":{"rendered":"<div class='one_half'>\n\t\t\t\t\t<p>Somos especialistas en el manejo de Seguro de Gatos M\u00e9dicos Internacional y Nacional, Gastos Medicos Menores y Vida<\/p>\n<p>Lo mas importante es la asesor\u00eda para que nuestros clientes est\u00e9n tranquilos en los momentos que mas lo necesitan.\u00a0Llevamos a nuestros clientes de la mano para facilitar los\u00a0tramites de reembolsos, tramites para pagos directos Nacional e Internacional, as\u00ed como la elaboraci\u00f3n de cartas pase para programaciones medicas.<\/p>\n<p>Manejamos cobertura de &#8220;Emergencia en el extranjero&#8221;, &#8220;Gastos para enfermedades catastr\u00f3ficas en el extranjero&#8221;, &#8220;Flete aereo&#8221;, &#8220;Segunda opinion medica&#8221;, &#8220;Atenci\u00f3n en el hogar&#8221; \u00a0y &#8220;Cobertura total con pago directo en el extranjero&#8221;\n\t\t\t\t<\/div><div class='one_half'>\n\t\t\t\t\t\n\t\t\t\t<\/div><\/p>\n<p>Manejamos reembolso por maternidad desde 15 mil pesos hasta 10 mil d\u00f3lares y tenemos muchas alternativas de deducibles y coaseguros.<\/p>\n<p>Respetamos la antig\u00fcedad al 100% en cambios de planes o compa\u00f1\u00edas con previo evaluacion.<\/p>\n<p>Manejamos seguros personales y de grupo tanto en Gastos Medicos como en Vida, esto incluye productos como Accidentes Personales, Invalidez, Seguro contra enfermedades catastr\u00f3ficas, Muerte Accidental, Seguro de Vida Saldo deudor para Sofomes etc. <\/p>\n<p><strong>Estamos a tus ordenes 24 \/ 7 para atenderlos cuando mas lo necesites.<\/strong><div class='one_half et_column_last'>\n\t\t\t\t\t\n\t\t\t\t<\/div><div class='clear'><\/div>\u00a0<\/p>\n","protected":false},"excerpt":{"rendered":"<p>Manejamos reembolso por maternidad desde 15 mil pesos hasta 10 mil d\u00f3lares y tenemos muchas alternativas de deducibles y coaseguros. Respetamos la antig\u00fcedad al 100% en cambios de planes o compa\u00f1\u00edas con previo evaluacion. Manejamos seguros personales y de grupo tanto en Gastos Medicos como en Vida, esto incluye productos como Accidentes Personales, Invalidez, Seguro [&hellip;]<\/p>\n","protected":false},"author":1,"featured_media":190,"parent":0,"menu_order":0,"comment_status":"open","ping_status":"open","template":"page-full.php","meta":{"footnotes":""},"class_list":["post-191","page","type-page","status-publish","has-post-thumbnail","hentry"],"aioseo_notices":[],"_links":{"self":[{"href":"https:\/\/smasf.mx\/wordpress\/wp-json\/wp\/v2\/pages\/191","targetHints":{"allow":["GET"]}}],"collection":[{"href":"https:\/\/smasf.mx\/wordpress\/wp-json\/wp\/v2\/pages"}],"about":[{"href":"https:\/\/smasf.mx\/wordpress\/wp-json\/wp\/v2\/types\/page"}],"author":[{"embeddable":true,"href":"https:\/\/smasf.mx\/wordpress\/wp-json\/wp\/v2\/users\/1"}],"replies":[{"embeddable":true,"href":"https:\/\/smasf.mx\/wordpress\/wp-json\/wp\/v2\/comments?post=191"}],"version-history":[{"count":10,"href":"https:\/\/smasf.mx\/wordpress\/wp-json\/wp\/v2\/pages\/191\/revisions"}],"predecessor-version":[{"id":224,"href":"https:\/\/smasf.mx\/wordpress\/wp-json\/wp\/v2\/pages\/191\/revisions\/224"}],"wp:featuredmedia":[{"embeddable":true,"href":"https:\/\/smasf.mx\/wordpress\/wp-json\/wp\/v2\/media\/190"}],"wp:attachment":[{"href":"https:\/\/smasf.mx\/wordpress\/wp-json\/wp\/v2\/media?parent=191"}],"curies":[{"name":"wp","href":"https:\/\/api.w.org\/{rel}","templated":true}]}}