{"id":2,"date":"2013-05-06T15:29:14","date_gmt":"2013-05-06T15:29:14","guid":{"rendered":"http:\/\/smasf.mx\/wordpress\/?page_id=2"},"modified":"2013-05-31T22:21:28","modified_gmt":"2013-05-31T22:21:28","slug":"acerca","status":"publish","type":"page","link":"https:\/\/smasf.mx\/wordpress\/acerca\/","title":{"rendered":"Acerca de Nosotros"},"content":{"rendered":"<p><img loading=\"lazy\" decoding=\"async\" src=\"http:\/\/smasf.mx\/wordpress\/wp-content\/uploads\/2013\/05\/ejecutivo.jpg\" title=\"Ejecutivo\" width=\"333\" height=\"500\" class=\"alignright size-full wp-image-46\" srcset=\"https:\/\/smasf.mx\/wordpress\/wp-content\/uploads\/2013\/05\/ejecutivo.jpg 333w, https:\/\/smasf.mx\/wordpress\/wp-content\/uploads\/2013\/05\/ejecutivo-199x300.jpg 199w, https:\/\/smasf.mx\/wordpress\/wp-content\/uploads\/2013\/05\/ejecutivo-220x330.jpg 220w, https:\/\/smasf.mx\/wordpress\/wp-content\/uploads\/2013\/05\/ejecutivo-187x280.jpg 187w\" sizes=\"auto, (max-width: 333px) 100vw, 333px\" \/><strong>Consultores en Seguros y Fianzas <\/strong><br \/>\nSomos una empresa de consultor\u00eda en Seguros y Fianzas que busca satisfacer las necesidades de protecci\u00f3n personal, patrimonial y de inversi\u00f3n de nuestros clientes.<br \/>\n<br \/>\nS+F es el resultado de la uni\u00f3n de un grupo de ejecutivos especializados por ramo de seguros con la experiencia en la atenci\u00f3n y servicio de algunos de los clientes mas exigentes a nivel nacional e internacional.<br \/>\n<br \/>\nCon alta en m\u00e1s de 23 compa\u00f1\u00edas de Seguros, ponemos a competir al mercado para darte los mejores beneficios y costos.<br \/>\n<br \/>\n<strong>Misi\u00f3n<\/strong><br \/>\nNuestro compromiso es el de trasladar los beneficios y profesionalismo que se exige en la atenci\u00f3n y servicio de las grandes cuentas internacionales a todos nuestros clientes.<br \/>\n\u201cNUESTRA FUERZA ES EL SERVICIO\u201d<\/p>\n","protected":false},"excerpt":{"rendered":"<p>Somos una empresa de consultor\u00eda en Seguros y Fianzas que busca satisfacer las necesidades de protecci\u00f3n personal, patrimonial y de inversi\u00f3n de nuestros clientes.<\/p>\n<p>S+F es el resultado de la uni\u00f3n de un grupo de ejecutivos especializados por ramo de seguros con la experiencia en la atenci\u00f3n y servicio de algunos de los clientes mas exigentes a nivel nacional e internacional.<\/p>\n","protected":false},"author":1,"featured_media":0,"parent":0,"menu_order":0,"comment_status":"open","ping_status":"open","template":"page-full.php","meta":{"footnotes":""},"class_list":["post-2","page","type-page","status-publish","hentry"],"aioseo_notices":[],"_links":{"self":[{"href":"https:\/\/smasf.mx\/wordpress\/wp-json\/wp\/v2\/pages\/2","targetHints":{"allow":["GET"]}}],"collection":[{"href":"https:\/\/smasf.mx\/wordpress\/wp-json\/wp\/v2\/pages"}],"about":[{"href":"https:\/\/smasf.mx\/wordpress\/wp-json\/wp\/v2\/types\/page"}],"author":[{"embeddable":true,"href":"https:\/\/smasf.mx\/wordpress\/wp-json\/wp\/v2\/users\/1"}],"replies":[{"embeddable":true,"href":"https:\/\/smasf.mx\/wordpress\/wp-json\/wp\/v2\/comments?post=2"}],"version-history":[{"count":10,"href":"https:\/\/smasf.mx\/wordpress\/wp-json\/wp\/v2\/pages\/2\/revisions"}],"predecessor-version":[{"id":179,"href":"https:\/\/smasf.mx\/wordpress\/wp-json\/wp\/v2\/pages\/2\/revisions\/179"}],"wp:attachment":[{"href":"https:\/\/smasf.mx\/wordpress\/wp-json\/wp\/v2\/media?parent=2"}],"curies":[{"name":"wp","href":"https:\/\/api.w.org\/{rel}","templated":true}]}}