{"id":209,"date":"2013-07-15T15:08:29","date_gmt":"2013-07-15T15:08:29","guid":{"rendered":"http:\/\/smasf.mx\/?page_id=209"},"modified":"2013-07-15T15:16:18","modified_gmt":"2013-07-15T15:16:18","slug":"danos-materiales","status":"publish","type":"page","link":"https:\/\/smasf.mx\/wordpress\/danos-materiales\/","title":{"rendered":"Da\u00f1os Materiales"},"content":{"rendered":"<div class='one_half'>\n\t\t\t\t\t<p>La tranquilidad  de la protecci\u00f3n del patrimonio de una empresa o familia es el objetivo, esto se logra con el acceso a mas de 22 compa\u00f1\u00edas del mercado y la experiencia en programas internacionales de Da\u00f1os.  <\/p>\n<p>Nuestro servicio incluye la revisi\u00f3n anual de la cobertura tanto en condiciones como en costo v\u00eda un estudio de mercado anual.<\/p>\n<p>Manejamos productos a &#8220;Todo Riesgo&#8221; que incluye Incendio, Rayo, Explosi\u00f3n, Fen\u00f3menos Hidro Meteorol\u00f3gicos, Terremoto y extension de cubierta.<\/p>\n<p>Nuestros productos incluyen cobertura para: M\u00faltiple Empresarial, Casa Habitaci\u00f3n,\n\t\t\t\t<\/div><div class='one_half'>\n\t\t\t\t\t\n\t\t\t\t<\/div><\/p>\n<p> Responsabilidad Civil, Maquinaria, Equipo Electr\u00f3nico, Robo, Cristales, Arte, Dinero y Valores, Perdidas Consecuenciales, Equipo Contratista, Seguro de la Carga,  Obra Civil, Fraude, Cr\u00e9dito etc&#8230;<\/p>\n<p>Dentro de Responsabilidad Civil manejamos coberturas como, RC Profesional, RC Productos nacional y en el extranjero, RC Obra Civil, RC Trabajos Terminados, RC Anuncios, RC Cruzada entre contratistas, RC Familiar y Vecinaje, RC Contaminaci\u00f3n y Ecologica, RC Maquinas de Trabajo, RC Carga y Descarga, RC Autos en exceso y muchas otras mas.<\/p>\n<p><strong>Nuestra Fortaleza es el Servicio.<\/strong><div class='one_half et_column_last'>\n\t\t\t\t\t\n\t\t\t\t<\/div><div class='clear'><\/div><\/p>\n","protected":false},"excerpt":{"rendered":"<p>Responsabilidad Civil, Maquinaria, Equipo Electr\u00f3nico, Robo, Cristales, Arte, Dinero y Valores, Perdidas Consecuenciales, Equipo Contratista, Seguro de la Carga, Obra Civil, Fraude, Cr\u00e9dito etc&#8230; Dentro de Responsabilidad Civil manejamos coberturas como, RC Profesional, RC Productos nacional y en el extranjero, RC Obra Civil, RC Trabajos Terminados, RC Anuncios, RC Cruzada entre contratistas, RC Familiar y [&hellip;]<\/p>\n","protected":false},"author":1,"featured_media":210,"parent":0,"menu_order":0,"comment_status":"open","ping_status":"open","template":"page-full.php","meta":{"footnotes":""},"class_list":["post-209","page","type-page","status-publish","has-post-thumbnail","hentry"],"aioseo_notices":[],"_links":{"self":[{"href":"https:\/\/smasf.mx\/wordpress\/wp-json\/wp\/v2\/pages\/209","targetHints":{"allow":["GET"]}}],"collection":[{"href":"https:\/\/smasf.mx\/wordpress\/wp-json\/wp\/v2\/pages"}],"about":[{"href":"https:\/\/smasf.mx\/wordpress\/wp-json\/wp\/v2\/types\/page"}],"author":[{"embeddable":true,"href":"https:\/\/smasf.mx\/wordpress\/wp-json\/wp\/v2\/users\/1"}],"replies":[{"embeddable":true,"href":"https:\/\/smasf.mx\/wordpress\/wp-json\/wp\/v2\/comments?post=209"}],"version-history":[{"count":10,"href":"https:\/\/smasf.mx\/wordpress\/wp-json\/wp\/v2\/pages\/209\/revisions"}],"predecessor-version":[{"id":221,"href":"https:\/\/smasf.mx\/wordpress\/wp-json\/wp\/v2\/pages\/209\/revisions\/221"}],"wp:featuredmedia":[{"embeddable":true,"href":"https:\/\/smasf.mx\/wordpress\/wp-json\/wp\/v2\/media\/210"}],"wp:attachment":[{"href":"https:\/\/smasf.mx\/wordpress\/wp-json\/wp\/v2\/media?parent=209"}],"curies":[{"name":"wp","href":"https:\/\/api.w.org\/{rel}","templated":true}]}}