{"id":56,"date":"2013-05-07T17:02:31","date_gmt":"2013-05-07T17:02:31","guid":{"rendered":"http:\/\/smasf.mx\/wordpress\/?page_id=56"},"modified":"2013-05-31T22:21:04","modified_gmt":"2013-05-31T22:21:04","slug":"negocios","status":"publish","type":"page","link":"https:\/\/smasf.mx\/wordpress\/negocios\/","title":{"rendered":"Atenci\u00f3n a Negocios"},"content":{"rendered":"<p>Con acceso a m\u00e1s de 23 de las mejores compa\u00f1\u00edas aseguradoras del mercado nuestras alianzas te dar\u00e1n la seguridad y competitividad que te mereces.  NUESTRA FUERZA ES EL SERVICIO.<\/p>\n<p><code><br \/><\/code><\/p>\n<p><img loading=\"lazy\" decoding=\"async\" src=\"http:\/\/smasf.mx\/wordpress\/wp-content\/uploads\/2013\/05\/oferta_negocios.jpg\" title=\"Oferta de Seguros\" width=\"1150\" height=\"470\" class=\"alignnone size-full wp-image-172\" srcset=\"https:\/\/smasf.mx\/wordpress\/wp-content\/uploads\/2013\/05\/oferta_negocios.jpg 1150w, https:\/\/smasf.mx\/wordpress\/wp-content\/uploads\/2013\/05\/oferta_negocios-300x122.jpg 300w, https:\/\/smasf.mx\/wordpress\/wp-content\/uploads\/2013\/05\/oferta_negocios-1024x418.jpg 1024w, https:\/\/smasf.mx\/wordpress\/wp-content\/uploads\/2013\/05\/oferta_negocios-220x89.jpg 220w, https:\/\/smasf.mx\/wordpress\/wp-content\/uploads\/2013\/05\/oferta_negocios-187x76.jpg 187w, https:\/\/smasf.mx\/wordpress\/wp-content\/uploads\/2013\/05\/oferta_negocios-453x185.jpg 453w\" sizes=\"auto, (max-width: 1150px) 100vw, 1150px\" \/><\/p>\n","protected":false},"excerpt":{"rendered":"<p>Con acceso a m\u00e1s de 23 de las mejores compa\u00f1\u00edas aseguradoras del mercado nuestras alianzas te dar\u00e1n la seguridad y competitividad que te mereces.<\/p>\n","protected":false},"author":1,"featured_media":0,"parent":0,"menu_order":0,"comment_status":"open","ping_status":"open","template":"page-full.php","meta":{"footnotes":""},"class_list":["post-56","page","type-page","status-publish","hentry"],"aioseo_notices":[],"_links":{"self":[{"href":"https:\/\/smasf.mx\/wordpress\/wp-json\/wp\/v2\/pages\/56","targetHints":{"allow":["GET"]}}],"collection":[{"href":"https:\/\/smasf.mx\/wordpress\/wp-json\/wp\/v2\/pages"}],"about":[{"href":"https:\/\/smasf.mx\/wordpress\/wp-json\/wp\/v2\/types\/page"}],"author":[{"embeddable":true,"href":"https:\/\/smasf.mx\/wordpress\/wp-json\/wp\/v2\/users\/1"}],"replies":[{"embeddable":true,"href":"https:\/\/smasf.mx\/wordpress\/wp-json\/wp\/v2\/comments?post=56"}],"version-history":[{"count":10,"href":"https:\/\/smasf.mx\/wordpress\/wp-json\/wp\/v2\/pages\/56\/revisions"}],"predecessor-version":[{"id":178,"href":"https:\/\/smasf.mx\/wordpress\/wp-json\/wp\/v2\/pages\/56\/revisions\/178"}],"wp:attachment":[{"href":"https:\/\/smasf.mx\/wordpress\/wp-json\/wp\/v2\/media?parent=56"}],"curies":[{"name":"wp","href":"https:\/\/api.w.org\/{rel}","templated":true}]}}