{"id":9,"date":"2013-05-06T23:50:04","date_gmt":"2013-05-06T23:50:04","guid":{"rendered":"http:\/\/smasf.mx\/wordpress\/?page_id=9"},"modified":"2013-05-31T22:20:46","modified_gmt":"2013-05-31T22:20:46","slug":"servicios","status":"publish","type":"page","link":"https:\/\/smasf.mx\/wordpress\/servicios\/","title":{"rendered":"Nuestros Servicios"},"content":{"rendered":"<p><img loading=\"lazy\" decoding=\"async\" class=\"alignright size-full wp-image-78\" title=\"Ilustracion casa\" src=\"http:\/\/smasf.mx\/wordpress\/wp-content\/uploads\/2013\/05\/casa3.jpg\" width=\"335\" height=\"328\" \/>Nuestra ventaja competitiva es el ofrecer las pr\u00e1cticas m\u00e1s profesionales de control y atenci\u00f3n combinado con un servicio personalizado.<\/p>\n<p><strong>Algunos de los servicios que te ofrecemos: <\/strong><\/p>\n<ul>\n<li>Atenci\u00f3n 24\/7<\/li>\n<li>Negociaci\u00f3n de tiempos de respuesta ante las aseguradoras<\/li>\n<li>Emisi\u00f3n en l\u00ednea<\/li>\n<li>Visitas de inspecci\u00f3n<\/li>\n<li>Reportes preparados de siniestralidad<\/li>\n<li>Dise\u00f1o de p\u00f3lizas \u201cTraje a la medida\u201d<\/li>\n<li>Servicio de pago v\u00eda descuento por n\u00f3mina<\/li>\n<li>Asesor\u00eda y apoyo en la recaudaci\u00f3n de documentos para tr\u00e1mites de reembolso<\/li>\n<\/ul>\n","protected":false},"excerpt":{"rendered":"<p>Ayudamos a empresas y personas a conseguir la mejor opci\u00f3n para tus seguros. Te ofrecemos dise\u00f1os de polizas &#8220;traje a la medida&#8221;.<\/p>\n","protected":false},"author":1,"featured_media":0,"parent":0,"menu_order":0,"comment_status":"open","ping_status":"open","template":"page-full.php","meta":{"footnotes":""},"class_list":["post-9","page","type-page","status-publish","hentry"],"aioseo_notices":[],"_links":{"self":[{"href":"https:\/\/smasf.mx\/wordpress\/wp-json\/wp\/v2\/pages\/9","targetHints":{"allow":["GET"]}}],"collection":[{"href":"https:\/\/smasf.mx\/wordpress\/wp-json\/wp\/v2\/pages"}],"about":[{"href":"https:\/\/smasf.mx\/wordpress\/wp-json\/wp\/v2\/types\/page"}],"author":[{"embeddable":true,"href":"https:\/\/smasf.mx\/wordpress\/wp-json\/wp\/v2\/users\/1"}],"replies":[{"embeddable":true,"href":"https:\/\/smasf.mx\/wordpress\/wp-json\/wp\/v2\/comments?post=9"}],"version-history":[{"count":10,"href":"https:\/\/smasf.mx\/wordpress\/wp-json\/wp\/v2\/pages\/9\/revisions"}],"predecessor-version":[{"id":177,"href":"https:\/\/smasf.mx\/wordpress\/wp-json\/wp\/v2\/pages\/9\/revisions\/177"}],"wp:attachment":[{"href":"https:\/\/smasf.mx\/wordpress\/wp-json\/wp\/v2\/media?parent=9"}],"curies":[{"name":"wp","href":"https:\/\/api.w.org\/{rel}","templated":true}]}}